{"id":2,"date":"2023-08-21T00:11:30","date_gmt":"2023-08-20T22:11:30","guid":{"rendered":"http:\/\/krajinanebojsa.sk\/?page_id=2"},"modified":"2023-10-24T22:04:36","modified_gmt":"2023-10-24T20:04:36","slug":"ukazkova-stranka","status":"publish","type":"page","link":"http:\/\/krajinanebojsa.sk\/?page_id=2","title":{"rendered":"Nahliadni do Z\u00e1zra\u010dn\u00e9ho dom\u010deka"},"content":{"rendered":"\n<p><\/p>\n\n\n\n<p><\/p>\n\n\n\n<figure class=\"wp-block-gallery has-nested-images columns-default is-cropped wp-block-gallery-1 is-layout-flex\">\n<figure class=\"wp-block-image size-large\"><img decoding=\"async\" loading=\"lazy\" width=\"1024\" height=\"681\" data-id=\"287\"  src=\"http:\/\/krajinanebojsa.sk\/wp-content\/uploads\/2023\/10\/Z61_2539-1-1024x681.jpg\" alt=\"\" class=\"wp-image-287\" srcset=\"http:\/\/krajinanebojsa.sk\/wp-content\/uploads\/2023\/10\/Z61_2539-1-1024x681.jpg 1024w, http:\/\/krajinanebojsa.sk\/wp-content\/uploads\/2023\/10\/Z61_2539-1-300x200.jpg 300w, http:\/\/krajinanebojsa.sk\/wp-content\/uploads\/2023\/10\/Z61_2539-1-768x511.jpg 768w, http:\/\/krajinanebojsa.sk\/wp-content\/uploads\/2023\/10\/Z61_2539-1-1536x1022.jpg 1536w, http:\/\/krajinanebojsa.sk\/wp-content\/uploads\/2023\/10\/Z61_2539-1.jpg 2048w\" sizes=\"(max-width: 1024px) 100vw, 1024px\" \/><\/figure>\n\n\n\n<figure class=\"wp-block-image size-large\"><img decoding=\"async\" loading=\"lazy\" width=\"1024\" height=\"682\" data-id=\"135\"  src=\"http:\/\/krajinanebojsa.sk\/wp-content\/uploads\/2023\/08\/J7o8HTciyhk-1-1024x682.jpg\" alt=\"\" class=\"wp-image-135\" srcset=\"http:\/\/krajinanebojsa.sk\/wp-content\/uploads\/2023\/08\/J7o8HTciyhk-1-1024x682.jpg 1024w, http:\/\/krajinanebojsa.sk\/wp-content\/uploads\/2023\/08\/J7o8HTciyhk-1-300x200.jpg 300w, http:\/\/krajinanebojsa.sk\/wp-content\/uploads\/2023\/08\/J7o8HTciyhk-1-768x512.jpg 768w, http:\/\/krajinanebojsa.sk\/wp-content\/uploads\/2023\/08\/J7o8HTciyhk-1-1536x1023.jpg 1536w, http:\/\/krajinanebojsa.sk\/wp-content\/uploads\/2023\/08\/J7o8HTciyhk-1-2048x1364.jpg 2048w\" sizes=\"(max-width: 1024px) 100vw, 1024px\" \/><\/figure>\n\n\n\n<figure class=\"wp-block-image size-large\"><img decoding=\"async\" loading=\"lazy\" width=\"1024\" height=\"681\" data-id=\"284\"  src=\"http:\/\/krajinanebojsa.sk\/wp-content\/uploads\/2023\/10\/Z61_2592-1024x681.jpg\" alt=\"\" class=\"wp-image-284\" srcset=\"http:\/\/krajinanebojsa.sk\/wp-content\/uploads\/2023\/10\/Z61_2592-1024x681.jpg 1024w, http:\/\/krajinanebojsa.sk\/wp-content\/uploads\/2023\/10\/Z61_2592-300x200.jpg 300w, http:\/\/krajinanebojsa.sk\/wp-content\/uploads\/2023\/10\/Z61_2592-768x511.jpg 768w, http:\/\/krajinanebojsa.sk\/wp-content\/uploads\/2023\/10\/Z61_2592-1536x1022.jpg 1536w, http:\/\/krajinanebojsa.sk\/wp-content\/uploads\/2023\/10\/Z61_2592.jpg 2048w\" sizes=\"(max-width: 1024px) 100vw, 1024px\" \/><\/figure>\n<\/figure>\n\n\n\n<figure class=\"wp-block-gallery has-nested-images columns-default is-cropped wp-block-gallery-3 is-layout-flex\">\n<figure class=\"wp-block-image size-large\"><img decoding=\"async\" loading=\"lazy\" width=\"681\" height=\"1024\" data-id=\"285\"  src=\"http:\/\/krajinanebojsa.sk\/wp-content\/uploads\/2023\/10\/Z61_2543-681x1024.jpg\" alt=\"\" class=\"wp-image-285\" srcset=\"http:\/\/krajinanebojsa.sk\/wp-content\/uploads\/2023\/10\/Z61_2543-681x1024.jpg 681w, http:\/\/krajinanebojsa.sk\/wp-content\/uploads\/2023\/10\/Z61_2543-200x300.jpg 200w, http:\/\/krajinanebojsa.sk\/wp-content\/uploads\/2023\/10\/Z61_2543-768x1154.jpg 768w, http:\/\/krajinanebojsa.sk\/wp-content\/uploads\/2023\/10\/Z61_2543-1022x1536.jpg 1022w, http:\/\/krajinanebojsa.sk\/wp-content\/uploads\/2023\/10\/Z61_2543-1363x2048.jpg 1363w, http:\/\/krajinanebojsa.sk\/wp-content\/uploads\/2023\/10\/Z61_2543-scaled.jpg 1703w\" sizes=\"(max-width: 681px) 100vw, 681px\" \/><\/figure>\n\n\n\n<figure class=\"wp-block-image size-large\"><img decoding=\"async\" loading=\"lazy\" width=\"717\" height=\"1024\" data-id=\"131\"  src=\"http:\/\/krajinanebojsa.sk\/wp-content\/uploads\/2023\/08\/Square-softcover-book-7.5x7.5-in-the-hands-of-a-little-girl_IMG_1470-copy-1-717x1024.jpg\" alt=\"\" class=\"wp-image-131\" srcset=\"http:\/\/krajinanebojsa.sk\/wp-content\/uploads\/2023\/08\/Square-softcover-book-7.5x7.5-in-the-hands-of-a-little-girl_IMG_1470-copy-1-717x1024.jpg 717w, http:\/\/krajinanebojsa.sk\/wp-content\/uploads\/2023\/08\/Square-softcover-book-7.5x7.5-in-the-hands-of-a-little-girl_IMG_1470-copy-1-210x300.jpg 210w, http:\/\/krajinanebojsa.sk\/wp-content\/uploads\/2023\/08\/Square-softcover-book-7.5x7.5-in-the-hands-of-a-little-girl_IMG_1470-copy-1-768x1097.jpg 768w, http:\/\/krajinanebojsa.sk\/wp-content\/uploads\/2023\/08\/Square-softcover-book-7.5x7.5-in-the-hands-of-a-little-girl_IMG_1470-copy-1-1075x1536.jpg 1075w, http:\/\/krajinanebojsa.sk\/wp-content\/uploads\/2023\/08\/Square-softcover-book-7.5x7.5-in-the-hands-of-a-little-girl_IMG_1470-copy-1-1434x2048.jpg 1434w, http:\/\/krajinanebojsa.sk\/wp-content\/uploads\/2023\/08\/Square-softcover-book-7.5x7.5-in-the-hands-of-a-little-girl_IMG_1470-copy-1-scaled.jpg 1792w\" sizes=\"(max-width: 717px) 100vw, 717px\" \/><\/figure>\n<\/figure>\n","protected":false},"excerpt":{"rendered":"","protected":false},"author":1,"featured_media":141,"parent":0,"menu_order":0,"comment_status":"closed","ping_status":"open","template":"","meta":{"_monsterinsights_skip_tracking":false,"_monsterinsights_sitenote_active":false,"_monsterinsights_sitenote_note":"","_monsterinsights_sitenote_category":0},"yoast_head":"<!-- This site is optimized with the Yoast SEO plugin v20.13 - https:\/\/yoast.com\/wordpress\/plugins\/seo\/ -->\n<title>Nahliadni do Z\u00e1zra\u010dn\u00e9ho dom\u010deka - Krajina Neboj sa<\/title>\n<meta name=\"robots\" content=\"index, follow, max-snippet:-1, max-image-preview:large, max-video-preview:-1\" \/>\n<link rel=\"canonical\" href=\"http:\/\/krajinanebojsa.sk\/?page_id=2\" \/>\n<meta property=\"og:locale\" content=\"sk_SK\" \/>\n<meta property=\"og:type\" content=\"article\" \/>\n<meta property=\"og:title\" content=\"Nahliadni do Z\u00e1zra\u010dn\u00e9ho dom\u010deka - Krajina Neboj sa\" \/>\n<meta property=\"og:url\" content=\"http:\/\/krajinanebojsa.sk\/?page_id=2\" \/>\n<meta property=\"og:site_name\" content=\"Krajina Neboj sa\" \/>\n<meta property=\"article:modified_time\" content=\"2023-10-24T20:04:36+00:00\" \/>\n<meta property=\"og:image\" content=\"http:\/\/krajinanebojsa.sk\/wp-content\/uploads\/2023\/08\/White-Simple-Stone-Texture-Background-Zoom-Virtual-Background.jpg\" \/>\n\t<meta property=\"og:image:width\" content=\"1280\" \/>\n\t<meta property=\"og:image:height\" content=\"720\" \/>\n\t<meta property=\"og:image:type\" content=\"image\/jpeg\" \/>\n<meta name=\"twitter:card\" content=\"summary_large_image\" \/>\n<meta name=\"twitter:label1\" content=\"Predpokladan\u00fd \u010das \u010d\u00edtania\" \/>\n\t<meta name=\"twitter:data1\" content=\"1 min\u00fata\" \/>\n<script type=\"application\/ld+json\" class=\"yoast-schema-graph\">{\"@context\":\"https:\/\/schema.org\",\"@graph\":[{\"@type\":\"WebPage\",\"@id\":\"http:\/\/krajinanebojsa.sk\/?page_id=2\",\"url\":\"http:\/\/krajinanebojsa.sk\/?page_id=2\",\"name\":\"Nahliadni do Z\u00e1zra\u010dn\u00e9ho dom\u010deka - Krajina Neboj sa\",\"isPartOf\":{\"@id\":\"http:\/\/krajinanebojsa.sk\/#website\"},\"datePublished\":\"2023-08-20T22:11:30+00:00\",\"dateModified\":\"2023-10-24T20:04:36+00:00\",\"breadcrumb\":{\"@id\":\"http:\/\/krajinanebojsa.sk\/?page_id=2#breadcrumb\"},\"inLanguage\":\"sk-SK\",\"potentialAction\":[{\"@type\":\"ReadAction\",\"target\":[\"http:\/\/krajinanebojsa.sk\/?page_id=2\"]}]},{\"@type\":\"BreadcrumbList\",\"@id\":\"http:\/\/krajinanebojsa.sk\/?page_id=2#breadcrumb\",\"itemListElement\":[{\"@type\":\"ListItem\",\"position\":1,\"name\":\"Home\",\"item\":\"http:\/\/krajinanebojsa.sk\/\"},{\"@type\":\"ListItem\",\"position\":2,\"name\":\"Nahliadni do Z\u00e1zra\u010dn\u00e9ho dom\u010deka\"}]},{\"@type\":\"WebSite\",\"@id\":\"http:\/\/krajinanebojsa.sk\/#website\",\"url\":\"http:\/\/krajinanebojsa.sk\/\",\"name\":\"Krajina Neboj sa\",\"description\":\"\",\"potentialAction\":[{\"@type\":\"SearchAction\",\"target\":{\"@type\":\"EntryPoint\",\"urlTemplate\":\"http:\/\/krajinanebojsa.sk\/?s={search_term_string}\"},\"query-input\":\"required name=search_term_string\"}],\"inLanguage\":\"sk-SK\"}]}<\/script>\n<!-- \/ Yoast SEO plugin. -->","yoast_head_json":{"title":"Nahliadni do Z\u00e1zra\u010dn\u00e9ho dom\u010deka - Krajina Neboj sa","robots":{"index":"index","follow":"follow","max-snippet":"max-snippet:-1","max-image-preview":"max-image-preview:large","max-video-preview":"max-video-preview:-1"},"canonical":"http:\/\/krajinanebojsa.sk\/?page_id=2","og_locale":"sk_SK","og_type":"article","og_title":"Nahliadni do Z\u00e1zra\u010dn\u00e9ho dom\u010deka - Krajina Neboj sa","og_url":"http:\/\/krajinanebojsa.sk\/?page_id=2","og_site_name":"Krajina Neboj sa","article_modified_time":"2023-10-24T20:04:36+00:00","og_image":[{"width":1280,"height":720,"url":"http:\/\/krajinanebojsa.sk\/wp-content\/uploads\/2023\/08\/White-Simple-Stone-Texture-Background-Zoom-Virtual-Background.jpg","type":"image\/jpeg"}],"twitter_card":"summary_large_image","twitter_misc":{"Predpokladan\u00fd \u010das \u010d\u00edtania":"1 min\u00fata"},"schema":{"@context":"https:\/\/schema.org","@graph":[{"@type":"WebPage","@id":"http:\/\/krajinanebojsa.sk\/?page_id=2","url":"http:\/\/krajinanebojsa.sk\/?page_id=2","name":"Nahliadni do Z\u00e1zra\u010dn\u00e9ho dom\u010deka - Krajina Neboj sa","isPartOf":{"@id":"http:\/\/krajinanebojsa.sk\/#website"},"datePublished":"2023-08-20T22:11:30+00:00","dateModified":"2023-10-24T20:04:36+00:00","breadcrumb":{"@id":"http:\/\/krajinanebojsa.sk\/?page_id=2#breadcrumb"},"inLanguage":"sk-SK","potentialAction":[{"@type":"ReadAction","target":["http:\/\/krajinanebojsa.sk\/?page_id=2"]}]},{"@type":"BreadcrumbList","@id":"http:\/\/krajinanebojsa.sk\/?page_id=2#breadcrumb","itemListElement":[{"@type":"ListItem","position":1,"name":"Home","item":"http:\/\/krajinanebojsa.sk\/"},{"@type":"ListItem","position":2,"name":"Nahliadni do Z\u00e1zra\u010dn\u00e9ho dom\u010deka"}]},{"@type":"WebSite","@id":"http:\/\/krajinanebojsa.sk\/#website","url":"http:\/\/krajinanebojsa.sk\/","name":"Krajina Neboj sa","description":"","potentialAction":[{"@type":"SearchAction","target":{"@type":"EntryPoint","urlTemplate":"http:\/\/krajinanebojsa.sk\/?s={search_term_string}"},"query-input":"required name=search_term_string"}],"inLanguage":"sk-SK"}]}},"_links":{"self":[{"href":"http:\/\/krajinanebojsa.sk\/index.php?rest_route=\/wp\/v2\/pages\/2"}],"collection":[{"href":"http:\/\/krajinanebojsa.sk\/index.php?rest_route=\/wp\/v2\/pages"}],"about":[{"href":"http:\/\/krajinanebojsa.sk\/index.php?rest_route=\/wp\/v2\/types\/page"}],"author":[{"embeddable":true,"href":"http:\/\/krajinanebojsa.sk\/index.php?rest_route=\/wp\/v2\/users\/1"}],"replies":[{"embeddable":true,"href":"http:\/\/krajinanebojsa.sk\/index.php?rest_route=%2Fwp%2Fv2%2Fcomments&post=2"}],"version-history":[{"count":5,"href":"http:\/\/krajinanebojsa.sk\/index.php?rest_route=\/wp\/v2\/pages\/2\/revisions"}],"predecessor-version":[{"id":288,"href":"http:\/\/krajinanebojsa.sk\/index.php?rest_route=\/wp\/v2\/pages\/2\/revisions\/288"}],"wp:featuredmedia":[{"embeddable":true,"href":"http:\/\/krajinanebojsa.sk\/index.php?rest_route=\/wp\/v2\/media\/141"}],"wp:attachment":[{"href":"http:\/\/krajinanebojsa.sk\/index.php?rest_route=%2Fwp%2Fv2%2Fmedia&parent=2"}],"curies":[{"name":"wp","href":"https:\/\/api.w.org\/{rel}","templated":true}]}}